{"id":23,"date":"2024-07-05T18:30:33","date_gmt":"2024-07-05T18:30:33","guid":{"rendered":"https:\/\/laboratoriolabclim.com\/?page_id=23"},"modified":"2024-07-05T20:30:24","modified_gmt":"2024-07-05T20:30:24","slug":"inicio","status":"publish","type":"page","link":"https:\/\/laboratoriolabclim.com\/","title":{"rendered":"Inicio"},"content":{"rendered":"\t\t<div data-elementor-type=\"wp-page\" data-elementor-id=\"23\" class=\"elementor elementor-23\">\n\t\t\t\t<div class=\"elementor-element elementor-element-5f28807 e-flex e-con-boxed e-con e-parent\" data-id=\"5f28807\" data-element_type=\"container\">\n\t\t\t\t\t<div class=\"e-con-inner\">\n\t\t\t\t<div class=\"elementor-element elementor-element-95a5443 elementor-widget elementor-widget-heading\" data-id=\"95a5443\" data-element_type=\"widget\" data-widget_type=\"heading.default\">\n\t\t\t\t<div class=\"elementor-widget-container\">\n\t\t\t<style>\/*! elementor - v3.22.0 - 26-06-2024 *\/\n.elementor-heading-title{padding:0;margin:0;line-height:1}.elementor-widget-heading .elementor-heading-title[class*=elementor-size-]>a{color:inherit;font-size:inherit;line-height:inherit}.elementor-widget-heading .elementor-heading-title.elementor-size-small{font-size:15px}.elementor-widget-heading .elementor-heading-title.elementor-size-medium{font-size:19px}.elementor-widget-heading .elementor-heading-title.elementor-size-large{font-size:29px}.elementor-widget-heading .elementor-heading-title.elementor-size-xl{font-size:39px}.elementor-widget-heading .elementor-heading-title.elementor-size-xxl{font-size:59px}<\/style><h2 class=\"elementor-heading-title elementor-size-default\">Laboratorio Cl\u00ednico Hispatol\u00f3gico Labclim<\/h2>\t\t<\/div>\n\t\t\t\t<\/div>\n\t\t\t\t\t<\/div>\n\t\t\t\t<\/div>\n\t\t<div class=\"elementor-element elementor-element-716c5fd e-flex e-con-boxed e-con e-parent\" data-id=\"716c5fd\" data-element_type=\"container\">\n\t\t\t\t\t<div class=\"e-con-inner\">\n\t\t\t\t<div class=\"elementor-element elementor-element-0a3a8c0 elementor-widget__width-inherit elementor-widget elementor-widget-image\" data-id=\"0a3a8c0\" data-element_type=\"widget\" data-widget_type=\"image.default\">\n\t\t\t\t<div class=\"elementor-widget-container\">\n\t\t\t<style>\/*! elementor - v3.22.0 - 26-06-2024 *\/\n.elementor-widget-image{text-align:center}.elementor-widget-image a{display:inline-block}.elementor-widget-image a img[src$=\".svg\"]{width:48px}.elementor-widget-image img{vertical-align:middle;display:inline-block}<\/style>\t\t\t\t\t\t\t\t\t\t<img fetchpriority=\"high\" decoding=\"async\" width=\"1500\" height=\"565\" src=\"https:\/\/laboratoriolabclim.com\/wp-content\/uploads\/2024\/07\/cultivo-e1720203518896.jpg\" class=\"attachment-full size-full wp-image-7\" alt=\"\" srcset=\"https:\/\/laboratoriolabclim.com\/wp-content\/uploads\/2024\/07\/cultivo-e1720203518896.jpg 1500w, https:\/\/laboratoriolabclim.com\/wp-content\/uploads\/2024\/07\/cultivo-e1720203518896-300x113.jpg 300w, https:\/\/laboratoriolabclim.com\/wp-content\/uploads\/2024\/07\/cultivo-e1720203518896-1024x386.jpg 1024w, https:\/\/laboratoriolabclim.com\/wp-content\/uploads\/2024\/07\/cultivo-e1720203518896-768x289.jpg 768w\" sizes=\"(max-width: 1500px) 100vw, 1500px\" \/>\t\t\t\t\t\t\t\t\t\t\t\t\t<\/div>\n\t\t\t\t<\/div>\n\t\t\t\t\t<\/div>\n\t\t\t\t<\/div>\n\t\t<div class=\"elementor-element elementor-element-e795b58 e-flex e-con-boxed e-con e-parent\" data-id=\"e795b58\" data-element_type=\"container\">\n\t\t\t\t\t<div class=\"e-con-inner\">\n\t\t\t\t<div class=\"elementor-element elementor-element-15f1bed elementor-widget elementor-widget-heading\" data-id=\"15f1bed\" data-element_type=\"widget\" data-widget_type=\"heading.default\">\n\t\t\t\t<div class=\"elementor-widget-container\">\n\t\t\t<h2 class=\"elementor-heading-title elementor-size-default\">Ubicanos en el Vig\u00eda<\/h2>\t\t<\/div>\n\t\t\t\t<\/div>\n\t\t\t\t\t<\/div>\n\t\t\t\t<\/div>\n\t\t<div class=\"elementor-element elementor-element-7599f5d e-flex e-con-boxed e-con e-parent\" data-id=\"7599f5d\" data-element_type=\"container\">\n\t\t\t\t\t<div class=\"e-con-inner\">\n\t\t\t\t<div class=\"elementor-element elementor-element-a87e6e3 elementor-widget elementor-widget-heading\" data-id=\"a87e6e3\" data-element_type=\"widget\" data-widget_type=\"heading.default\">\n\t\t\t\t<div class=\"elementor-widget-container\">\n\t\t\t<h2 class=\"elementor-heading-title elementor-size-default\">Av. 16,Edif. TEAMCA,  El Vig\u00eda Estado M\u00e9rida<br>Telf: 0424-7548267<\/h2>\t\t<\/div>\n\t\t\t\t<\/div>\n\t\t\t\t<div class=\"elementor-element elementor-element-bdc6f04 elementor-widget elementor-widget-google_maps\" data-id=\"bdc6f04\" data-element_type=\"widget\" data-widget_type=\"google_maps.default\">\n\t\t\t\t<div class=\"elementor-widget-container\">\n\t\t\t<style>\/*! elementor - v3.22.0 - 26-06-2024 *\/\n.elementor-widget-google_maps .elementor-widget-container{overflow:hidden}.elementor-widget-google_maps .elementor-custom-embed{line-height:0}.elementor-widget-google_maps iframe{height:300px}<\/style>\t\t<div class=\"elementor-custom-embed\">\n\t\t\t<iframe loading=\"lazy\"\n\t\t\t\t\tsrc=\"https:\/\/maps.google.com\/maps?q=El%20Vig%C3%ADa%3A%20Av.%2016%2CEdif.%20TEAMCA%2C&#038;t=m&#038;z=16&#038;output=embed&#038;iwloc=near\"\n\t\t\t\t\ttitle=\"El Vig\u00eda: Av. 16,Edif. TEAMCA,\"\n\t\t\t\t\taria-label=\"El Vig\u00eda: Av. 16,Edif. TEAMCA,\"\n\t\t\t><\/iframe>\n\t\t<\/div>\n\t\t\t\t<\/div>\n\t\t\t\t<\/div>\n\t\t\t\t\t<\/div>\n\t\t\t\t<\/div>\n\t\t<div class=\"elementor-element elementor-element-f8a5e83 e-flex e-con-boxed e-con e-parent\" data-id=\"f8a5e83\" data-element_type=\"container\">\n\t\t\t\t\t<div class=\"e-con-inner\">\n\t\t\t\t\t<\/div>\n\t\t\t\t<\/div>\n\t\t\t\t<\/div>\n\t\t","protected":false},"excerpt":{"rendered":"<p>Laboratorio Cl\u00ednico Hispatol\u00f3gico Labclim Ubicanos en el Vig\u00eda Av. 16,Edif. TEAMCA, El Vig\u00eda Estado M\u00e9ridaTelf: 0424-7548267<\/p>\n","protected":false},"author":1,"featured_media":0,"parent":0,"menu_order":0,"comment_status":"closed","ping_status":"closed","template":"","meta":{"footnotes":""},"class_list":["post-23","page","type-page","status-publish","hentry"],"_links":{"self":[{"href":"https:\/\/laboratoriolabclim.com\/index.php?rest_route=\/wp\/v2\/pages\/23","targetHints":{"allow":["GET"]}}],"collection":[{"href":"https:\/\/laboratoriolabclim.com\/index.php?rest_route=\/wp\/v2\/pages"}],"about":[{"href":"https:\/\/laboratoriolabclim.com\/index.php?rest_route=\/wp\/v2\/types\/page"}],"author":[{"embeddable":true,"href":"https:\/\/laboratoriolabclim.com\/index.php?rest_route=\/wp\/v2\/users\/1"}],"replies":[{"embeddable":true,"href":"https:\/\/laboratoriolabclim.com\/index.php?rest_route=%2Fwp%2Fv2%2Fcomments&post=23"}],"version-history":[{"count":22,"href":"https:\/\/laboratoriolabclim.com\/index.php?rest_route=\/wp\/v2\/pages\/23\/revisions"}],"predecessor-version":[{"id":53,"href":"https:\/\/laboratoriolabclim.com\/index.php?rest_route=\/wp\/v2\/pages\/23\/revisions\/53"}],"wp:attachment":[{"href":"https:\/\/laboratoriolabclim.com\/index.php?rest_route=%2Fwp%2Fv2%2Fmedia&parent=23"}],"curies":[{"name":"wp","href":"https:\/\/api.w.org\/{rel}","templated":true}]}}